{"id":367,"date":"2014-06-05T07:23:18","date_gmt":"2014-06-05T07:23:18","guid":{"rendered":"http:\/\/cargalogistica.pe\/site\/?page_id=367"},"modified":"2024-11-07T20:44:26","modified_gmt":"2024-11-07T20:44:26","slug":"itinerario-de-exportaciones","status":"publish","type":"page","link":"https:\/\/cargalogistica.pe\/site\/menu-base\/itinerario-de-exportaciones\/","title":{"rendered":"Itinerario de exportaciones"},"content":{"rendered":"<p>Nuestras pr\u00f3ximas salidas de naves del PECLL &#8211; PELIM a los diferentes puertos y aeropuertos del mundo. Detallamos el nombre de la nave, el cut off, fecha de salida (ETD), fecha de llegada (ETA) y el transito.<\/p>\n<h2><a href=\"http:\/\/cargalogistica.pe\/site\/wp-content\/uploads\/2020\/05\/ITINERARIO-DE-EXPORTACI\u00d3N-25.05.2020.pdf\" data-rich-text-format-boundary=\"true\">Hacer click aqui para ver el Itinerario de Exportacion(PDF).<\/a><\/h2>\n\n\n<div style=\"height:27px\" aria-hidden=\"true\" class=\"wp-block-spacer\"><\/div>\n\n\n\n<div style=\"height:20px\" aria-hidden=\"true\" class=\"wp-block-spacer\"><\/div>\n\n\n\n<p>Se define como el env\u00edo de un producto o servicio a un pa\u00eds extranjero con fines comerciales. Estos env\u00edos se encuentran regulados por una serie de disposiciones legales internacionales. (OMC, OMA)<\/p>\n\n\n\n<p>Documentos:<\/p>\n\n\n\n<ul class=\"wp-block-list\">\n<li>Facturas comerciales<\/li>\n\n\n\n<li>Lista de empaque<\/li>\n\n\n\n<li>Certificado de origen (En caso lo requiera el cliente)<\/li>\n\n\n\n<li>Certificados adicionales ()<\/li>\n\n\n\n<li>Declaraci\u00f3n jurada<\/li>\n<\/ul>\n\n\n\n<p>PROCEDIMIENTOS<\/p>\n\n\n\n<ol class=\"wp-block-list\">\n<li>Solicitar una reserva a la Naviera, Aerol\u00ednea o NVOCC.<\/li>\n\n\n\n<li>Debemos tener listo la carga a exportar, peso, volumen o medidas, numero de bultos, tipo de carga (General &#8211; IMO), otros.<\/li>\n\n\n\n<li>Recibida la toda la informaci\u00f3n, nos confirman el espacio, el numero de gu\u00eda master y la fecha de corte para el ingreso de la carga.<\/li>\n\n\n\n<li>Coordinar con el cliente y\/o transportista el ingreso de la mercader\u00eda.<\/li>\n\n\n\n<li>Coordinar con el cliente la entrega de los documentos para el embarque ( Factura comercial, Lista de empaque, declaraci\u00f3n jurada, MAWB, HAWB y Manifiesto, Certificado de origen si es necesario). La factura solo debe ir el usuario o adquiriente, la copia Sunat debe ser entregada al agente de aduana para la regularizaci\u00f3n de la exportaci\u00f3n.<\/li>\n\n\n\n<li>La carga debe ser trasladada con la gu\u00eda de remisi\u00f3n del cliente.<\/li>\n\n\n\n<li>La gu\u00eda de remisi\u00f3n del cliente debe tener sello del almac\u00e9n (solo la copia Sunat)<\/li>\n\n\n\n<li>Ingreso de la carga al almac\u00e9nTALMA<br>La carga pasa por seguridad seg\u00fan el producto. Este almac\u00e9n te entrega solo una copia del wherehouse donde se verifica el contenido del producto, el numero de gu\u00eda master y wherehouse, luego se procede a entregarle la gu\u00eda de remisi\u00f3n sunat, sellada por el almac\u00e9n y una copia y\/o original del wherehouse al agente de aduana para que pueda refrendar la DUA.SWISSPORT<br>American Air Line es la \u00fanica aerol\u00ednea que debes pasar un control de seguridad y la revisi\u00f3n de los documentos, si la carga esta embalada, se debe abrir para que puedan verificar el contenido. La verificaci\u00f3n es aparte del canal que le toque al cliente, Talma entrega tres copias del wherehouse, cliente, almac\u00e9n y transportista.<\/li>\n\n\n\n<li>Realizar el seguimiento con el agente de aduana para que presente a tiempo las DUAS al almac\u00e9n, aerol\u00ednea \u00a0y seguir con la programaci\u00f3n de vuelo.<\/li>\n<\/ol>\n","protected":false},"excerpt":{"rendered":"<p>Nuestras pr\u00f3ximas salidas de naves del PECLL &#8211; PELIM a los diferentes puertos y aeropuertos del mundo. Detallamos el nombre de la nave, el cut off, fecha de salida (ETD), fecha de llegada (ETA) y el transito. Hacer click aqui para ver el Itinerario de Exportacion(PDF). Se define como el env\u00edo de un producto o &hellip; <\/p>\n<p><a class=\"more-link btn\" href=\"https:\/\/cargalogistica.pe\/site\/menu-base\/itinerario-de-exportaciones\/\">Seguir leyendo<\/a><\/p>\n","protected":false},"author":1,"featured_media":444,"parent":12,"menu_order":5,"comment_status":"closed","ping_status":"closed","template":"","meta":{"footnotes":""},"class_list":["post-367","page","type-page","status-publish","has-post-thumbnail","hentry","nodate","item-wrap"],"_links":{"self":[{"href":"https:\/\/cargalogistica.pe\/site\/wp-json\/wp\/v2\/pages\/367","targetHints":{"allow":["GET"]}}],"collection":[{"href":"https:\/\/cargalogistica.pe\/site\/wp-json\/wp\/v2\/pages"}],"about":[{"href":"https:\/\/cargalogistica.pe\/site\/wp-json\/wp\/v2\/types\/page"}],"author":[{"embeddable":true,"href":"https:\/\/cargalogistica.pe\/site\/wp-json\/wp\/v2\/users\/1"}],"replies":[{"embeddable":true,"href":"https:\/\/cargalogistica.pe\/site\/wp-json\/wp\/v2\/comments?post=367"}],"version-history":[{"count":120,"href":"https:\/\/cargalogistica.pe\/site\/wp-json\/wp\/v2\/pages\/367\/revisions"}],"predecessor-version":[{"id":2370,"href":"https:\/\/cargalogistica.pe\/site\/wp-json\/wp\/v2\/pages\/367\/revisions\/2370"}],"up":[{"embeddable":true,"href":"https:\/\/cargalogistica.pe\/site\/wp-json\/wp\/v2\/pages\/12"}],"wp:featuredmedia":[{"embeddable":true,"href":"https:\/\/cargalogistica.pe\/site\/wp-json\/wp\/v2\/media\/444"}],"wp:attachment":[{"href":"https:\/\/cargalogistica.pe\/site\/wp-json\/wp\/v2\/media?parent=367"}],"curies":[{"name":"wp","href":"https:\/\/api.w.org\/{rel}","templated":true}]}}