{"id":29,"date":"2014-04-17T08:00:07","date_gmt":"2014-04-17T08:00:07","guid":{"rendered":"http:\/\/cargalogistica.pe\/site\/?page_id=29"},"modified":"2024-11-07T20:44:06","modified_gmt":"2024-11-07T20:44:06","slug":"tercera-linea","status":"publish","type":"page","link":"https:\/\/cargalogistica.pe\/site\/menu-base\/tercera-linea\/","title":{"rendered":"Itinerario de Importaci\u00f3n"},"content":{"rendered":"<p>Nuestras pr\u00f3ximas salidas de naves de los diferentes puertos del mundo, considerando el nombre de la nave, el cut off (fecha m\u00e1xima entrega de carga en origen),\u00a0 fecha de salida (ETD),\u00a0 fecha de llegada (ETA) y el tiempo de transito.<\/p>\n<h2><a href=\"https:\/\/cargalogistica.pe\/site\/wp-content\/uploads\/2022\/12\/ITINERARIO-DE-IMPORTACION-LCL-SEMANA-49.pdf\">Hacer Click para ver Itinerario de Importaci\u00f3n (PDF)<\/a>\u00a0 \u00a0<\/h2>\n\n\n<h4 class=\"wp-block-heading\"><strong>INFORMACI\u00d3N DE INTER\u00c9S<\/strong><\/h4>\n\n\n\n<p> 1.- D\u00edas libres en los almacenes de consolidaci\u00f3n en origen <\/p>\n\n\n\n<figure class=\"wp-block-table aligncenter\"><table><tbody><tr><td><strong>PAIS<\/strong><\/td><td><strong>PUERTO<\/strong><\/td><td><strong>DIAS LIBRES<\/strong><\/td><\/tr><tr><td>Alemania<\/td><td>Hamburgo<\/td><td>                     07 <\/td><\/tr><tr><td>Argentina<\/td><td>Buenos Aires<\/td><td>                     07<\/td><\/tr><tr><td>Brazil<\/td><td>Santos\/Rio Grande<\/td><td>                     15 <\/td><\/tr><tr><td>China<\/td><td>Ningbo<\/td><td>                     15 <\/td><\/tr><tr><td>China<\/td><td>Shanghai<\/td><td>                     07 <\/td><\/tr><tr><td>China<\/td><td>Shenzhen<\/td><td>                     07 <\/td><\/tr><tr><td>China<\/td><td>Tianjiin<\/td><td>                     07 <\/td><\/tr><tr><td>Colombia<\/td><td>Buenaventura<\/td><td> Ingresa Directo al Puerto <\/td><\/tr><tr><td>Espa\u00f1a <\/td><td>Barcelona<\/td><td>                     15 <\/td><\/tr><tr><td>Korea<\/td><td>Buzan <\/td><td>                     07 <\/td><\/tr><tr><td>Mexico<\/td><td>Manzanillo<\/td><td> Ingresa Directo al Puerto<\/td><\/tr><tr><td>USA<\/td><td>Miami<\/td><td>                     20 <\/td><\/tr><tr><td>Panama <\/td><td>Colon<\/td><td>                     14 <\/td><\/tr><tr><td>Taiwan<\/td><td>Keenlung<\/td><td>                     07 <\/td><\/tr><tr><td>Turquia<\/td><td>Istambul<\/td><td>Ingresa Directo al Puerto<\/td><\/tr><\/tbody><\/table><\/figure>\n\n\n\n<div style=\"height:20px\" aria-hidden=\"true\" class=\"wp-block-spacer\"><\/div>\n\n\n\n<p>2.- Sobreestadia de contenedores (DRY) &#8211; Dias Libres<\/p>\n\n\n\n<figure class=\"wp-block-table aligncenter\"><table><tbody><tr><td>Asia<\/td><td>20 <\/td><\/tr><tr><td>Sudamerica<\/td><td>07 a 15 <\/td><\/tr><tr><td>USA<\/td><td>15 a 20 <\/td><\/tr><\/tbody><\/table><\/figure>\n\n\n\n<div style=\"height:20px\" aria-hidden=\"true\" class=\"wp-block-spacer\"><\/div>\n\n\n\n<p>3.- &nbsp;Almacenaje en destino &#8211; terminales de almacenamiento:<\/p>\n\n\n\n<figure class=\"wp-block-table aligncenter\"><table><tbody><tr><td>Tipo de Carga<\/td><td>Vias Libres<\/td><td>Retroactivo <\/td><\/tr><tr><td>Carga Consolidada(LCL)<\/td><td>        30<\/td><td>        SI<\/td><\/tr><tr><td>Contenedores(DRY)<\/td><td>        30 <\/td><td>        NO<\/td><\/tr><\/tbody><\/table><\/figure>\n","protected":false},"excerpt":{"rendered":"<p>Nuestras pr\u00f3ximas salidas de naves de los diferentes puertos del mundo, considerando el nombre de la nave, el cut off (fecha m\u00e1xima entrega de carga en origen),\u00a0 fecha de salida (ETD),\u00a0 fecha de llegada (ETA) y el tiempo de transito. Hacer Click para ver Itinerario de Importaci\u00f3n (PDF)\u00a0 \u00a0 INFORMACI\u00d3N DE INTER\u00c9S 1.- D\u00edas libres &hellip; <\/p>\n<p><a class=\"more-link btn\" href=\"https:\/\/cargalogistica.pe\/site\/menu-base\/tercera-linea\/\">Seguir leyendo<\/a><\/p>\n","protected":false},"author":1,"featured_media":38,"parent":12,"menu_order":4,"comment_status":"closed","ping_status":"closed","template":"","meta":{"footnotes":""},"class_list":["post-29","page","type-page","status-publish","has-post-thumbnail","hentry","nodate","item-wrap"],"_links":{"self":[{"href":"https:\/\/cargalogistica.pe\/site\/wp-json\/wp\/v2\/pages\/29","targetHints":{"allow":["GET"]}}],"collection":[{"href":"https:\/\/cargalogistica.pe\/site\/wp-json\/wp\/v2\/pages"}],"about":[{"href":"https:\/\/cargalogistica.pe\/site\/wp-json\/wp\/v2\/types\/page"}],"author":[{"embeddable":true,"href":"https:\/\/cargalogistica.pe\/site\/wp-json\/wp\/v2\/users\/1"}],"replies":[{"embeddable":true,"href":"https:\/\/cargalogistica.pe\/site\/wp-json\/wp\/v2\/comments?post=29"}],"version-history":[{"count":202,"href":"https:\/\/cargalogistica.pe\/site\/wp-json\/wp\/v2\/pages\/29\/revisions"}],"predecessor-version":[{"id":2369,"href":"https:\/\/cargalogistica.pe\/site\/wp-json\/wp\/v2\/pages\/29\/revisions\/2369"}],"up":[{"embeddable":true,"href":"https:\/\/cargalogistica.pe\/site\/wp-json\/wp\/v2\/pages\/12"}],"wp:featuredmedia":[{"embeddable":true,"href":"https:\/\/cargalogistica.pe\/site\/wp-json\/wp\/v2\/media\/38"}],"wp:attachment":[{"href":"https:\/\/cargalogistica.pe\/site\/wp-json\/wp\/v2\/media?parent=29"}],"curies":[{"name":"wp","href":"https:\/\/api.w.org\/{rel}","templated":true}]}}