{"id":2,"date":"2014-04-13T07:01:00","date_gmt":"2014-04-13T07:01:00","guid":{"rendered":"http:\/\/cargalogistica.pe\/site\/?page_id=2"},"modified":"2025-01-22T20:06:51","modified_gmt":"2025-01-22T20:06:51","slug":"sample-page","status":"publish","type":"page","link":"https:\/\/cargalogistica.pe\/site\/sample-page\/","title":{"rendered":"Servicios"},"content":{"rendered":"<h3><span style=\"color: #1d8dc2;\"><strong>Descubre los servicios que ofrece Carga Log\u00edstica SAC para su empresa:<\/strong><\/span><!--more--><\/h3>\n<table border=\"0\" width=\"100%\" cellspacing=\"0\" cellpadding=\"0\">\n<tbody>\n<tr>\n<td bgcolor=\"#ffffff\"><img loading=\"lazy\" decoding=\"async\" class=\"alignleft size-full wp-image-225\" src=\"http:\/\/cargalogistica.pe\/site\/wp-content\/uploads\/2014\/04\/pic1-serv.jpg\" alt=\"pic1-serv\" width=\"294\" height=\"520\" srcset=\"https:\/\/cargalogistica.pe\/site\/wp-content\/uploads\/2014\/04\/pic1-serv.jpg 294w, https:\/\/cargalogistica.pe\/site\/wp-content\/uploads\/2014\/04\/pic1-serv-169x300.jpg 169w\" sizes=\"auto, (max-width: 294px) 100vw, 294px\" \/><\/td>\n<td bgcolor=\"#ffffff\">\n<h3><strong><span style=\"color: #3366ff;\">Importaciones &#8211; Exportaciones<\/span><\/strong><\/h3>\n<p>\u2022 Contenedores Exclusivos (FCL) es un env\u00edo mar\u00edtimo en el que se utiliza un contenedor completo para transportar la mercanc\u00eda<br \/>\n\u2022 Carga Consolidada (LCL) es un tipo de transporte de carga que consiste en enviar mercanc\u00eda en un contenedor compartido con otros expedidores<br \/>\n\u2022 Carga Reefer (NOR) es un mercanc\u00eda que se transporta en un contenedor refrigerado<br \/>\n\u2022 Carga A\u00e9rea<\/p>\n<h3><strong><span style=\"color: #3366ff;\">Log\u00edstica Nacional<\/span><\/strong><\/h3>\n<p>\u2022 Transporte de Cargas LCL\/FCL<br \/>\n\u2022 Almacenaje<br \/>\n\u2022 Distribuci\u00f3n<br \/>\n\u2022 Procesos de Valor Agregado<\/p>\n<h3><span style=\"color: #3366ff;\"><strong>Unidad Carga &#8211; Proyecto<\/strong><\/span><\/h3>\n<p>\u2022 Planificaci\u00f3n de Procesos Log\u00edsticos (PPL)<br \/>\n\u2022 Proyectos Espec\u00edficos<br \/>\n\u2022 Asesor\u00edas T\u00e9cnicas<br \/>\n\u2022 Cargas Sobredimensionadas<br \/>\n\u2022 Cargas Extra-Pesadas<br \/>\n\u2022 Equipos Especiales (Flat Rack\/Open Top)<br \/>\n\u2022 Servicio Break Bulk<br \/>\n\u2022 Servicio de Consolidaci\u00f3n- Desconsolidaci\u00f3n<br \/>\n\u2022 Almacenaje<br \/>\n\u2022 Seguros<\/td>\n<\/tr>\n<\/tbody>\n<\/table>\n<table border=\"0\" width=\"620\" cellspacing=\"0\" cellpadding=\"0\">\n<tbody>\n<tr>\n<td bgcolor=\"#ffffff\" width=\"183\">\u00a0<img loading=\"lazy\" decoding=\"async\" class=\"alignleft size-full wp-image-201\" style=\"border: 0px;\" src=\"http:\/\/cargalogistica.pe\/site\/wp-content\/uploads\/2014\/04\/pic11.jpg\" alt=\"pic1\" width=\"183\" height=\"200\" \/><\/td>\n<td bgcolor=\"#ffffff\" width=\"467\">\n<h3><span style=\"color: #3366ff;\"><strong>Carga Mar\u00edtima<\/strong><\/span><\/h3>\n<p style=\"text-align: justify;\">Nosotros le ofrecemos m\u00e1s servicios, mejores tarifas, tenemos todas las modalidades de transporte a trav\u00e9s de nuestra amplia red de agentes en todo el mundo, utilizando las mejores l\u00edneas mar\u00edtimas de transporte internacional; carga en contenedores de 20ST 40ST y 40HC, FCL\/FCL, carga consolidada LCL\/LCL; trabajamos con un selecto grupo de navieras y empresas de transporte que nos permiten ofrecer a ustedes servicio y garant\u00eda de una reserva para sus contenedores y carga consolidada.<\/p>\n<\/td>\n<\/tr>\n<\/tbody>\n<\/table>\n<table border=\"0\" width=\"620\" cellspacing=\"0\" cellpadding=\"0\">\n<tbody>\n<tr>\n<td bgcolor=\"#ffffff\" width=\"183\">\u00a0<a href=\"http:\/\/cargalogistica.pe\/site\/wp-content\/uploads\/2014\/04\/multimodal.jpg\"><img loading=\"lazy\" decoding=\"async\" class=\"alignleft  wp-image-511\" style=\"border: 0px;\" src=\"http:\/\/cargalogistica.pe\/site\/wp-content\/uploads\/2014\/04\/multimodal.jpg\" alt=\"multimodal\" width=\"183\" height=\"200\" \/><\/a><\/td>\n<td bgcolor=\"#ffffff\" width=\"467\">\n<h3><span style=\"color: #3366ff;\"><strong>Servicio Multimodal<\/strong><\/span><\/h3>\n<p style=\"text-align: justify;\">Carga &amp; Log\u00edstica Per\u00fa S.A.C. es una compa\u00f1\u00eda de transporte que act\u00faa como agente de carga Internacional y operador log\u00edstico, ofrecemos servicios de transporte multimodal terrestre y mar\u00edtimo, mediante alianzas estrat\u00e9gicas con las mejores compa\u00f1\u00edas del mundo; enfocados para cubrir Am\u00e9rica Latina, el Caribe, Europa, Lejano Oriente y Am\u00e9rica del Norte a trav\u00e9s del uso de la combinaci\u00f3n de servicios propios y de nuestros proveedores.<\/p>\n<\/td>\n<\/tr>\n<\/tbody>\n<\/table>\n<table border=\"0\" width=\"620\" cellspacing=\"0\" cellpadding=\"0\">\n<tbody>\n<tr>\n<td bgcolor=\"#ffffff\" width=\"183\">\u00a0<img loading=\"lazy\" decoding=\"async\" class=\"alignleft size-full wp-image-215\" src=\"http:\/\/cargalogistica.pe\/site\/wp-content\/uploads\/2014\/04\/pic3.jpg\" alt=\"pic3\" width=\"183\" height=\"200\" \/><\/td>\n<td bgcolor=\"#ffffff\" width=\"467\">\n<h3><span style=\"color: #3366ff;\"><strong>Carga A\u00e9rea<\/strong><\/span><\/h3>\n<p style=\"text-align: justify;\">Manejamos sus embarques de cualquier tama\u00f1o o peso, buscamos la ruta disponible m\u00e1s r\u00e1pida, costos razonables de importaci\u00f3n y exportaci\u00f3n; trabajamos con un selecto grupo de aerol\u00edneas que nos permiten ofrecer a ustedes servicios en vuelos regulares de carga y servicio de carga en vuelo de pasajeros para las mercanc\u00edas de peque\u00f1o volumen; garant\u00eda de reservas para sus cargas. Prestamos servicios y log\u00edstica desde y para Sur Am\u00e9rica, Centro Am\u00e9rica, Estados Unidos, El Caribe, Europa y China.<\/p>\n<\/td>\n<\/tr>\n<\/tbody>\n<\/table>\n<table border=\"0\" width=\"620\" cellspacing=\"0\" cellpadding=\"0\">\n<tbody>\n<tr>\n<td bgcolor=\"#ffffff\" width=\"183\">\u00a0<img loading=\"lazy\" decoding=\"async\" class=\"alignleft size-full wp-image-217\" src=\"http:\/\/cargalogistica.pe\/site\/wp-content\/uploads\/2014\/04\/pic4.jpg\" alt=\"pic4\" width=\"183\" height=\"200\" \/><\/td>\n<td bgcolor=\"#ffffff\" width=\"467\">\n<h3><span style=\"color: #3366ff;\"><strong>Seguro de Carga<\/strong><\/span><\/h3>\n<p style=\"text-align: justify;\">Aseguramos su carga mar\u00edtima, a\u00e9rea y terrestre, la p\u00f3liza cubre todo riesgo (Full Cover) de puerta a puerta, contamos con las mejores compa\u00f1\u00edas de seguros nacionales e internacionales. Teniendo en cuenta que la actividad del embarcador en caso de siniestro es limitada, le sugerimos asegurar cada despacho de mercanc\u00edas a trav\u00e9s de un seguro de transporte adecuado la carga transportada debe ser asegurada por el importador con cobertura total, es decir, todo riesgo (FULL COVER).<\/p>\n<\/td>\n<\/tr>\n<\/tbody>\n<\/table>\n<table border=\"0\" width=\"620\" cellspacing=\"0\" cellpadding=\"0\">\n<tbody>\n<tr>\n<td bgcolor=\"#ffffff\" width=\"183\">\u00a0<img loading=\"lazy\" decoding=\"async\" class=\"alignleft size-full wp-image-219\" src=\"http:\/\/cargalogistica.pe\/site\/wp-content\/uploads\/2014\/04\/pic5.jpg\" alt=\"pic5\" width=\"183\" height=\"200\" \/><\/td>\n<td bgcolor=\"#ffffff\" width=\"467\">\n<h3><span style=\"color: #3366ff;\"><strong>Servicio de Aduana<\/strong><\/span><\/h3>\n<p style=\"text-align: justify;\">Carga &amp; Log\u00edstica Per\u00fa S.A.C., tiene el gusto de ofrecer los servicios de aduana para las cargas de importaci\u00f3n y exportaci\u00f3n mediante alianzas estrat\u00e9gicas con las compa\u00f1\u00edas de servicio de aduanas de primer nivel, compa\u00f1\u00edas que han sido autorizadas por el Ministerio de Transporte y la Sunat; de esta manera ofrecemos garant\u00eda y seguridad con el manejos de las cargas de nuestros clientes.<\/p>\n<\/td>\n<\/tr>\n<\/tbody>\n<\/table>\n","protected":false},"excerpt":{"rendered":"<p>Descubre los servicios que ofrece Carga Log\u00edstica SAC para su empresa:<\/p><p><a class=\"more-link btn\" href=\"https:\/\/cargalogistica.pe\/site\/sample-page\/\">Seguir leyendo<\/a><\/p>\n","protected":false},"author":1,"featured_media":397,"parent":0,"menu_order":2,"comment_status":"closed","ping_status":"closed","template":"","meta":{"footnotes":""},"class_list":["post-2","page","type-page","status-publish","has-post-thumbnail","hentry","nodate","item-wrap"],"_links":{"self":[{"href":"https:\/\/cargalogistica.pe\/site\/wp-json\/wp\/v2\/pages\/2","targetHints":{"allow":["GET"]}}],"collection":[{"href":"https:\/\/cargalogistica.pe\/site\/wp-json\/wp\/v2\/pages"}],"about":[{"href":"https:\/\/cargalogistica.pe\/site\/wp-json\/wp\/v2\/types\/page"}],"author":[{"embeddable":true,"href":"https:\/\/cargalogistica.pe\/site\/wp-json\/wp\/v2\/users\/1"}],"replies":[{"embeddable":true,"href":"https:\/\/cargalogistica.pe\/site\/wp-json\/wp\/v2\/comments?post=2"}],"version-history":[{"count":91,"href":"https:\/\/cargalogistica.pe\/site\/wp-json\/wp\/v2\/pages\/2\/revisions"}],"predecessor-version":[{"id":2417,"href":"https:\/\/cargalogistica.pe\/site\/wp-json\/wp\/v2\/pages\/2\/revisions\/2417"}],"wp:featuredmedia":[{"embeddable":true,"href":"https:\/\/cargalogistica.pe\/site\/wp-json\/wp\/v2\/media\/397"}],"wp:attachment":[{"href":"https:\/\/cargalogistica.pe\/site\/wp-json\/wp\/v2\/media?parent=2"}],"curies":[{"name":"wp","href":"https:\/\/api.w.org\/{rel}","templated":true}]}}