{"id":16,"date":"2014-04-15T15:26:41","date_gmt":"2014-04-15T15:26:41","guid":{"rendered":"http:\/\/cargalogistica.pe\/site\/?page_id=16"},"modified":"2020-10-28T21:43:26","modified_gmt":"2020-10-28T21:43:26","slug":"menu-linea-dos","status":"publish","type":"page","link":"https:\/\/cargalogistica.pe\/site\/menu-base\/menu-linea-dos\/","title":{"rendered":"Red de agentes a nivel mundial"},"content":{"rendered":"\n<p>Contamos con una red de agentes a nivel mundial distribuidos estrat\u00e9gicamente en Asia, Europa, Lejano Oriente, Norteam\u00e9rica, Centroam\u00e9rica y Sudam\u00e9rica, de manera que siempre estamos mas cerca a sus proveedores.<\/p>\n\n\n\n<p><strong><a href=\"http:\/\/cargalogistica.pe\/site\/wp-content\/uploads\/2020\/04\/RED-AGENTES-DIRECTOS-LCL-CL-4.pdf\">Hacer click para ver a los principales agentes C&amp;<\/a><\/strong><a href=\"http:\/\/cargalogistica.pe\/site\/wp-content\/uploads\/2020\/04\/RED-AGENTES-DIRECTOS-LCL-CL-4.pdf\">L  <\/a><strong><a href=\"http:\/\/cargalogistica.pe\/site\/wp-content\/uploads\/2020\/04\/RED-AGENTES-DIRECTOS-LCL-CL-4.pdf\">a nivel mundial (PDF). <\/a><\/strong><\/p>\n","protected":false},"excerpt":{"rendered":"<p>Contamos con una red de agentes a nivel mundial distribuidos estrat\u00e9gicamente en Asia, Europa, Lejano Oriente, Norteam\u00e9rica, Centroam\u00e9rica y Sudam\u00e9rica, de manera que siempre estamos mas cerca a sus proveedores. Hacer click para ver a los principales agentes C&amp;L a nivel mundial (PDF).<\/p>\n","protected":false},"author":1,"featured_media":39,"parent":12,"menu_order":3,"comment_status":"closed","ping_status":"closed","template":"","meta":{"footnotes":""},"class_list":["post-16","page","type-page","status-publish","has-post-thumbnail","hentry","nodate","item-wrap"],"_links":{"self":[{"href":"https:\/\/cargalogistica.pe\/site\/wp-json\/wp\/v2\/pages\/16","targetHints":{"allow":["GET"]}}],"collection":[{"href":"https:\/\/cargalogistica.pe\/site\/wp-json\/wp\/v2\/pages"}],"about":[{"href":"https:\/\/cargalogistica.pe\/site\/wp-json\/wp\/v2\/types\/page"}],"author":[{"embeddable":true,"href":"https:\/\/cargalogistica.pe\/site\/wp-json\/wp\/v2\/users\/1"}],"replies":[{"embeddable":true,"href":"https:\/\/cargalogistica.pe\/site\/wp-json\/wp\/v2\/comments?post=16"}],"version-history":[{"count":97,"href":"https:\/\/cargalogistica.pe\/site\/wp-json\/wp\/v2\/pages\/16\/revisions"}],"predecessor-version":[{"id":1892,"href":"https:\/\/cargalogistica.pe\/site\/wp-json\/wp\/v2\/pages\/16\/revisions\/1892"}],"up":[{"embeddable":true,"href":"https:\/\/cargalogistica.pe\/site\/wp-json\/wp\/v2\/pages\/12"}],"wp:featuredmedia":[{"embeddable":true,"href":"https:\/\/cargalogistica.pe\/site\/wp-json\/wp\/v2\/media\/39"}],"wp:attachment":[{"href":"https:\/\/cargalogistica.pe\/site\/wp-json\/wp\/v2\/media?parent=16"}],"curies":[{"name":"wp","href":"https:\/\/api.w.org\/{rel}","templated":true}]}}